{"id":233,"date":"2015-11-20T20:22:17","date_gmt":"2015-11-20T20:22:17","guid":{"rendered":"http:\/\/www.portalchileplasticos.cl\/?page_id=233"},"modified":"2016-01-21T20:28:29","modified_gmt":"2016-01-21T20:28:29","slug":"terminos-y-condiciones-portalchileplasticos-cl","status":"publish","type":"page","link":"https:\/\/www.portalchileplasticos.cl\/?page_id=233","title":{"rendered":"TERMINOS Y CONDICIONES PORTALCHILEPLASTICOS.CL"},"content":{"rendered":"<p style=\"text-align: justify;\">Versi\u00f3n vigente desde Octubre 2015<\/p>\n<p style=\"text-align: justify;\">Reglas Generales<\/p>\n<p style=\"text-align: justify;\">El sitio web portalchileplasticos.cl es un mercado virtual que permite a sus usuarios vender y promocionar productos en una variedad de formatos, precios y lugares. Las ventas se realizan directamente entre comprador y vendedor. portalchileplasticos.cl no opera como vendedor directo ni indirecto de los productos ofertados en el sitio.<\/p>\n<p style=\"text-align: justify;\">Al utilizar el servicio de portalchileplasticos.cl usted se compromete a acatar las presentes Reglas Generales y los \u00a0T\u00e9rminos\u00a0del<\/p>\n<p style=\"text-align: justify;\">Servicio, no obstante \u00e9stas pueden\u00a0ser modificadas por en cualquier momento sin aviso previo.<\/p>\n<p style=\"text-align: justify;\">Se encuentra prohibida la publicaci\u00f3n de productos robados. En caso que el administrador del portal detecte art\u00edculos de dudosa procedencia o servicios inexistentes, estar\u00e1 facultado para remover o eliminar el anuncio sin responsabilidad por ello.<\/p>\n<p style=\"text-align: justify;\">portalchileplasticos.cl se reserva el derecho de no aprobar o eliminar en cualquier momento cualquier aviso que, a criterio del administrador, comprometa o pueda comprometer la credibilidad del nuestro sitio web.<\/p>\n<p style=\"text-align: justify;\">Los usuarios no podr\u00e1n publicar, publicitar o subir contenido catalogado como inapropiado.<\/p>\n<p style=\"text-align: justify;\">Al publicar un aviso o publicidad, los usuarios velar\u00e1n porque el t\u00edtulo, im\u00e1genes, link, comentarios, etc., s\u00f3lo se refieran al producto o servicio publicado.<\/p>\n<p style=\"text-align: justify;\">1. De los T\u00e9rminos y Condiciones.<\/p>\n<p style=\"text-align: justify;\">El sitio web portalchileplasticos.cl tambi\u00e9n denominado el &#8220;Sitio&#8221;, es de propiedad de la empresa HERON E.I.R.L. (en adelante, el Administrador).<\/p>\n<p style=\"text-align: justify;\">El acceso y uso al sitio web portalchileplasticos.cl o el \u201cSitio\u201d, se rige por estos T\u00e9rminos y Condiciones. El uso de este Sitio despu\u00e9s de la entrada en vigencia de cualquier modificaci\u00f3n constituir\u00e1 la aceptaci\u00f3n de las mismas por los Usuarios. Una copia para imprimir de estos T\u00e9rminos y Condiciones est\u00e1 disponible para los Usuarios en el link www.portalchileplasticos.cl<\/p>\n<p style=\"text-align: justify;\">2. Aceptaci\u00f3n de los T\u00e9rminos y Condiciones y Uso de Datos Personales registrados en el Sitio.<\/p>\n<p style=\"text-align: justify;\">El Usuario debe leer, entender y aceptar todas las condiciones establecidas en los T\u00e9rminos y Condiciones<\/p>\n<p style=\"text-align: justify;\">El Sitio opera como un foro para que vendedores y o compradores intercambien informaci\u00f3n y puedan contactarse, vender o compras productos nuevos o usados y servicios comerciales. El Administrador no vende, cede, ni transfiere a ning\u00fan t\u00edtulo los datos personales de los Usuarios a terceros.<\/p>\n<p style=\"text-align: justify;\">3. Tarifa<\/p>\n<p style=\"text-align: justify;\">El acceso, navegaci\u00f3n y uso del Sitio es gratuito para los Usuarios. La publicaci\u00f3n de avisos o la realizaci\u00f3n de publicidad tiene costos para el cliente seg\u00fan la tabla de tarifas que el administrador definir\u00e1, valores que pueden variar con el tiempo, y que pueden ser solicitados por los usuarios que lo requieran.<\/p>\n<p style=\"text-align: justify;\">4. Propiedad Intelectual y Derechos de Autor<\/p>\n<p style=\"text-align: justify;\">Todos los contenidos, la organizaci\u00f3n, trazados, textos, documentos, bases de datos, gr\u00e1ficos, dise\u00f1os, compilaciones, fotograf\u00edas, cuadros, dibujos, videos, grabaciones de audio y otros materiales contenidos en el Sitio (&#8220;Material&#8221; o &#8220;Materiales&#8221;) son obras protegidas por la Propiedad Intelectual y el Derecho de Marcas en Chile, sus leyes y regulaciones relacionadas.<\/p>\n<p style=\"text-align: justify;\">Los Materiales (incluyendo cualquier contenido, software o servicios) contenidos en el Sitio son propiedad de la Empresa HERON E.I.R.L.<\/p>\n<p style=\"text-align: justify;\">Ning\u00fan Material en este Sitio puede ser copiado, reproducido, republicado ni se puede instalar, publicar, transmitir, almacenar o distribuir de cualquier forma. El Administrador puede permitir la publicaci\u00f3n por parte de Usuarios de Materiales en el Sitio. En tal caso, el Usuario otorga desde ya al Administrador una autorizaci\u00f3n exclusiva y gratuita.<\/p>\n<p style=\"text-align: justify;\">El Administrador no puede revisar en forma anticipada los Materiales aportados por los Usuarios, ya que t\u00e9cnicamente no es posible. Tampoco puede saber si \u00e9stos afectan o no derechos de autor a terceros pues no se realizan estudios previos a las publicaciones. El Administrador no es juez ni tribunal para resolver o arbitrar conflictos derivados del uso no autorizado de Material publicado por Usuarios en el Sitio. Como consecuencia de lo anterior, los Usuarios que publican esos Materiales en el Sitio son los \u00fanicos responsables de que los mismos no infrinjan derechos de autor a terceros.<\/p>\n<p style=\"text-align: justify;\">Frente a reclamos reiterados, el Administrador cancelar\u00e1 la cuenta del Usuario infractor o utilizar\u00e1 medios t\u00e9cnicos razonables para evitar que tales Usuarios sigan utilizando el Sitio.<\/p>\n<p style=\"text-align: justify;\">6. Limitaci\u00f3n de Responsabilidad<\/p>\n<p style=\"text-align: justify;\">El Sitio no es due\u00f1o de los productos ofrecidos, ni es el prestador de los servicios publicados en el Sitio. Por tanto:<\/p>\n<p style=\"text-align: justify;\">Ni el Sitio o el Administrador tienen informaci\u00f3n de las propiedades ni de los atributos de los productos o servicios publicados, m\u00e1s all\u00e1 de lo que aparece en el Sitio, ni es parte del servicio ofrecido por el Sitio la verificaci\u00f3n de los datos publicados por los Usuarios oferentes.<\/p>\n<p style=\"text-align: justify;\">Ni el Sitio o el Administrador pueden verificar la supuesta identidad del vendedor o prestador de servicios, por lo que los Usuarios deben asumir el riesgo de cualquier relaci\u00f3n comercial que se produzca en virtud de una publicaci\u00f3n realizada en el sitio.<\/p>\n<p style=\"text-align: justify;\">El Sitio no garantiza la calidad del producto o servicio ofrecido por quienes publican en el Sitio, ni se constituye en garante de los compromisos de una o ambas partes.<\/p>\n<p style=\"text-align: justify;\">El Sitio no asume responsabilidad alguna por los perjuicios o da\u00f1os que pudiera significar para alg\u00fan Usuario, los defectos o caracter\u00edsticas de los productos publicados o de los servicios ofrecidos.<\/p>\n<p style=\"text-align: justify;\">En consecuencia, el Usuario acepta y reconoce que el Administrador no es responsable ante el Usuario o cualquier tercero por lucro cesante, p\u00e9rdida de ingresos, p\u00e9rdida de oportunidades de negocios, da\u00f1os, gastos o costos, creados por cualquier motivo (incluyendo negligencia), y cualquier p\u00e9rdida, sea que surjan directa o indirectamente de los mismos.<\/p>\n<p style=\"text-align: justify;\">\n<p style=\"text-align: justify;\">\n<input type='button' onClick='return pop_print()' value='Imprimir'\/>\r\n\t\r\n\t\r\n\t<script type='text\/javascript'>\r\n\tfunction pop_print(){\r\n\t\tw=window.open(null, 'Print_Page', 'scrollbars=yes');\r\n\t\tw.document.write(jQuery('main#content').html());\r\n\t\tw.document.close();\r\n\t\tw.print();\r\n\t}\r\n\t<\/script>\n","protected":false},"excerpt":{"rendered":"<p>Versi\u00f3n vigente desde Octubre 2015 Reglas Generales El sitio web portalchileplasticos.cl es un mercado virtual que permite a sus usuarios vender y promocionar productos en una variedad de formatos, precios y lugares. Las ventas se realizan directamente entre comprador y vendedor. portalchileplasticos.cl no opera como vendedor directo ni indirecto de los productos ofertados en el [&hellip;]<\/p>\n","protected":false},"author":1,"featured_media":0,"parent":0,"menu_order":0,"comment_status":"closed","ping_status":"closed","template":"","meta":{"footnotes":""},"_links":{"self":[{"href":"https:\/\/www.portalchileplasticos.cl\/index.php?rest_route=\/wp\/v2\/pages\/233"}],"collection":[{"href":"https:\/\/www.portalchileplasticos.cl\/index.php?rest_route=\/wp\/v2\/pages"}],"about":[{"href":"https:\/\/www.portalchileplasticos.cl\/index.php?rest_route=\/wp\/v2\/types\/page"}],"author":[{"embeddable":true,"href":"https:\/\/www.portalchileplasticos.cl\/index.php?rest_route=\/wp\/v2\/users\/1"}],"replies":[{"embeddable":true,"href":"https:\/\/www.portalchileplasticos.cl\/index.php?rest_route=%2Fwp%2Fv2%2Fcomments&post=233"}],"version-history":[{"count":10,"href":"https:\/\/www.portalchileplasticos.cl\/index.php?rest_route=\/wp\/v2\/pages\/233\/revisions"}],"predecessor-version":[{"id":279,"href":"https:\/\/www.portalchileplasticos.cl\/index.php?rest_route=\/wp\/v2\/pages\/233\/revisions\/279"}],"wp:attachment":[{"href":"https:\/\/www.portalchileplasticos.cl\/index.php?rest_route=%2Fwp%2Fv2%2Fmedia&parent=233"}],"curies":[{"name":"wp","href":"https:\/\/api.w.org\/{rel}","templated":true}]}}