{"id":14,"date":"2015-04-15T00:00:00","date_gmt":"2015-04-15T00:00:00","guid":{"rendered":"http:\/\/www.portalchileplasticos.cl\/?page_id=14"},"modified":"2016-02-02T21:09:35","modified_gmt":"2016-02-02T21:09:35","slug":"cancelar-pago","status":"publish","type":"page","link":"https:\/\/www.portalchileplasticos.cl\/?page_id=14","title":{"rendered":"Solicitar espacio de publicidad"},"content":{"rendered":"<div class=\"\"><b class=\"\"><span class=\"\">Datos de contacto:<\/span><\/b><\/div>\n<div class=\"\"><span class=\"\">Empresa de Comercio Exterior Christian D\u00edaz\u00a0 E.I.R.L.<\/span><\/div>\n<div class=\"\"><span class=\"\">RUT: 76.165.454-3<\/span><\/div>\n<div class=\"\"><span class=\"\">Giro: Comercializaci\u00f3n de productos para la industria y comercio electr\u00f3nico.<\/span><\/div>\n<div class=\"\"><span class=\"\">Direcci\u00f3n: Av. Diego Portales 480,of.43, Recreo, Vi\u00f1a del Mar \u2013 Chile.<\/span><\/div>\n<div class=\"\"><span class=\"\">Cel: +56-9-57459036<\/span><\/div>\n<div class=\"\"><span class=\"\">Correo:\u00a0<a class=\"\" href=\"mailto:contacto@portalchileplasticos.cl\">contacto@portalchileplasticos.cl<\/a><\/span><\/div>\n<div class=\"\"><\/div>\n<\/p>\n<p>Por favor, rellene el formulario de contacto para solicitar publicidad.<\/p>\n<div role=\"form\" class=\"wpcf7\" id=\"wpcf7-f67-o1\" dir=\"ltr\">\n<div class=\"screen-reader-response\"><\/div>\n<form action=\"\/index.php?rest_route=%2Fwp%2Fv2%2Fpages%2F14#wpcf7-f67-o1\" method=\"post\" class=\"wpcf7-form\" novalidate=\"novalidate\">\n<div style=\"display: none;\">\n<input type=\"hidden\" name=\"_wpcf7\" value=\"67\" \/>\n<input type=\"hidden\" name=\"_wpcf7_version\" value=\"4.5.1\" \/>\n<input type=\"hidden\" name=\"_wpcf7_locale\" value=\"\" \/>\n<input type=\"hidden\" name=\"_wpcf7_unit_tag\" value=\"wpcf7-f67-o1\" \/>\n<input type=\"hidden\" name=\"_wpnonce\" value=\"610ed5ee8c\" \/>\n<\/div>\n<p>Nombre (requerido)<br \/>\n    <span class=\"wpcf7-form-control-wrap your-name\"><input type=\"text\" name=\"your-name\" value=\"\" size=\"40\" class=\"wpcf7-form-control wpcf7-text wpcf7-validates-as-required\" aria-required=\"true\" aria-invalid=\"false\" \/><\/span> <\/p>\n<p>Correo (requerido)<br \/>\n    <span class=\"wpcf7-form-control-wrap your-email\"><input type=\"email\" name=\"your-email\" value=\"\" size=\"40\" class=\"wpcf7-form-control wpcf7-text wpcf7-email wpcf7-validates-as-required wpcf7-validates-as-email\" aria-required=\"true\" aria-invalid=\"false\" \/><\/span> <\/p>\n<p>Tel\u00e9fono <br \/>\n    <span class=\"wpcf7-form-control-wrap your-telefono\"><input type=\"text\" name=\"your-telefono\" value=\"\" size=\"40\" class=\"wpcf7-form-control wpcf7-text\" aria-invalid=\"false\" \/><\/span> <\/p>\n<p>Asunto<br \/>\n    <span class=\"wpcf7-form-control-wrap your-subject\"><input type=\"text\" name=\"your-subject\" value=\"\" size=\"40\" class=\"wpcf7-form-control wpcf7-text\" aria-invalid=\"false\" \/><\/span> <\/p>\n<p>Mensaje<br \/>\n    <span class=\"wpcf7-form-control-wrap your-message\"><textarea name=\"your-message\" cols=\"40\" rows=\"10\" class=\"wpcf7-form-control wpcf7-textarea\" aria-invalid=\"false\"><\/textarea><\/span> <\/p>\n<p><input type=\"submit\" value=\"Enviar\" class=\"wpcf7-form-control wpcf7-submit\" \/><\/p>\n<div class=\"wpcf7-response-output wpcf7-display-none\"><\/div><\/form><\/div>\n","protected":false},"excerpt":{"rendered":"<p>Datos de contacto: Empresa de Comercio Exterior Christian D\u00edaz\u00a0 E.I.R.L. RUT: 76.165.454-3 Giro: Comercializaci\u00f3n de productos para la industria y comercio electr\u00f3nico. Direcci\u00f3n: Av. Diego Portales 480,of.43, Recreo, Vi\u00f1a del Mar \u2013 Chile. Cel: +56-9-57459036 Correo:\u00a0contacto@portalchileplasticos.cl Por favor, rellene el formulario de contacto para solicitar publicidad.<\/p>\n","protected":false},"author":1,"featured_media":0,"parent":4,"menu_order":0,"comment_status":"closed","ping_status":"closed","template":"","meta":{"footnotes":""},"_links":{"self":[{"href":"https:\/\/www.portalchileplasticos.cl\/index.php?rest_route=\/wp\/v2\/pages\/14"}],"collection":[{"href":"https:\/\/www.portalchileplasticos.cl\/index.php?rest_route=\/wp\/v2\/pages"}],"about":[{"href":"https:\/\/www.portalchileplasticos.cl\/index.php?rest_route=\/wp\/v2\/types\/page"}],"author":[{"embeddable":true,"href":"https:\/\/www.portalchileplasticos.cl\/index.php?rest_route=\/wp\/v2\/users\/1"}],"replies":[{"embeddable":true,"href":"https:\/\/www.portalchileplasticos.cl\/index.php?rest_route=%2Fwp%2Fv2%2Fcomments&post=14"}],"version-history":[{"count":10,"href":"https:\/\/www.portalchileplasticos.cl\/index.php?rest_route=\/wp\/v2\/pages\/14\/revisions"}],"predecessor-version":[{"id":284,"href":"https:\/\/www.portalchileplasticos.cl\/index.php?rest_route=\/wp\/v2\/pages\/14\/revisions\/284"}],"up":[{"embeddable":true,"href":"https:\/\/www.portalchileplasticos.cl\/index.php?rest_route=\/wp\/v2\/pages\/4"}],"wp:attachment":[{"href":"https:\/\/www.portalchileplasticos.cl\/index.php?rest_route=%2Fwp%2Fv2%2Fmedia&parent=14"}],"curies":[{"name":"wp","href":"https:\/\/api.w.org\/{rel}","templated":true}]}}