{"id":12,"date":"2015-04-15T00:00:00","date_gmt":"2015-04-15T00:00:00","guid":{"rendered":"http:\/\/www.portalchileplasticos.cl\/?page_id=12"},"modified":"2015-11-20T20:26:04","modified_gmt":"2015-11-20T20:26:04","slug":"buscar-publicaciones","status":"publish","type":"page","link":"https:\/\/www.portalchileplasticos.cl\/?page_id=12","title":{"rendered":"Boletines"},"content":{"rendered":"<p>Nos encontramos con los \u00faltimos boletines del mes<\/p>\n<p>&nbsp;<\/p>\n\n<table id=\"tablepress-1\" class=\"tablepress tablepress-id-1\">\n<thead>\n<tr class=\"row-1 odd\">\n\t<th class=\"column-1\">N\u00ba<\/th><th class=\"column-2\">Bolet\u00edn<\/th><th class=\"column-3\">Fecha<\/th>\n<\/tr>\n<\/thead>\n<tbody>\n<tr class=\"row-2 even\">\n\t<td class=\"column-1\">3<br \/>\n<\/td><td class=\"column-2\"><a href=\"http:\/\/www.portalchileplasticos.cl\/?p=323&amp;preview=true\">Biopl\u00e1sticos m\u00e1s econ\u00f3micos, sostenibles, biodegradables y con propiedades mejoradas,<br \/>\nArt\u00edculo N\u00b00001<\/a><\/td><td class=\"column-3\">03-10-2016<\/td>\n<\/tr>\n<tr class=\"row-3 odd\">\n\t<td class=\"column-1\">4<br \/>\n<\/td><td class=\"column-2\"><a href=\"http:\/\/www.portalchileplasticos.cl\/?p=330&amp;preview=true\">Aparece una bacteria en Jap\u00f3n que se alimenta de pl\u00e1stico,<br \/>\nArt\u00edculo N\u00b00002<\/a><\/td><td class=\"column-3\">06-10-2016<\/td>\n<\/tr>\n<tr class=\"row-4 even\">\n\t<td class=\"column-1\"><\/td><td class=\"column-2\"><\/td><td class=\"column-3\"><\/td>\n<\/tr>\n<\/tbody>\n<\/table>\n<!-- #tablepress-1 from cache -->\n","protected":false},"excerpt":{"rendered":"<p>Nos encontramos con los \u00faltimos boletines del mes &nbsp;<\/p>\n","protected":false},"author":1,"featured_media":0,"parent":4,"menu_order":0,"comment_status":"closed","ping_status":"closed","template":"","meta":{"footnotes":""},"_links":{"self":[{"href":"https:\/\/www.portalchileplasticos.cl\/index.php?rest_route=\/wp\/v2\/pages\/12"}],"collection":[{"href":"https:\/\/www.portalchileplasticos.cl\/index.php?rest_route=\/wp\/v2\/pages"}],"about":[{"href":"https:\/\/www.portalchileplasticos.cl\/index.php?rest_route=\/wp\/v2\/types\/page"}],"author":[{"embeddable":true,"href":"https:\/\/www.portalchileplasticos.cl\/index.php?rest_route=\/wp\/v2\/users\/1"}],"replies":[{"embeddable":true,"href":"https:\/\/www.portalchileplasticos.cl\/index.php?rest_route=%2Fwp%2Fv2%2Fcomments&post=12"}],"version-history":[{"count":9,"href":"https:\/\/www.portalchileplasticos.cl\/index.php?rest_route=\/wp\/v2\/pages\/12\/revisions"}],"predecessor-version":[{"id":236,"href":"https:\/\/www.portalchileplasticos.cl\/index.php?rest_route=\/wp\/v2\/pages\/12\/revisions\/236"}],"up":[{"embeddable":true,"href":"https:\/\/www.portalchileplasticos.cl\/index.php?rest_route=\/wp\/v2\/pages\/4"}],"wp:attachment":[{"href":"https:\/\/www.portalchileplasticos.cl\/index.php?rest_route=%2Fwp%2Fv2%2Fmedia&parent=12"}],"curies":[{"name":"wp","href":"https:\/\/api.w.org\/{rel}","templated":true}]}}