{"id":115,"date":"2015-07-23T22:33:05","date_gmt":"2015-07-23T22:33:05","guid":{"rendered":"http:\/\/www.portalchileplasticos.cl\/?page_id=115"},"modified":"2015-12-23T21:21:40","modified_gmt":"2015-12-23T21:21:40","slug":"moldes-y-accesorios","status":"publish","type":"page","link":"https:\/\/www.portalchileplasticos.cl\/?page_id=115","title":{"rendered":"Moldes y Accesorios"},"content":{"rendered":"\n<div class=\"awpcp-search-ads awpcp-page\" id=\"classiwrapper\">\n\n            <div class=\"awpcp-navigation awpcp-menu-items-container clearfix\">\n    <span class=\"awpcp-menu-toggle\">Menu Clasificados<\/span>\n    <div class=\"awpcp-nav-menu\">\n        <ul class=\"awpcp-menu-items clearfix\">\n                    <li class=\"post-listing\"><a href=\"https:\/\/www.portalchileplasticos.cl\/?page_id=8\">Poner Publicaci\u00f3n<\/a><\/li>\n                    <li class=\"browse-listings\"><a href=\"https:\/\/www.portalchileplasticos.cl\/?page_id=10\">Examinar Publicaciones<\/a><\/li>\n                    <li class=\"search-listings\"><a href=\"https:\/\/www.portalchileplasticos.cl\/?page_id=12\">Buscar Publicaciones<\/a><\/li>\n                <\/ul>\n    <\/div>\n<\/div>\n    \n\t<div class=\"awpcp-message awpcp-updated updated\"><p>Use el formulario que est\u00e1 debajo para seleccionar los campos sobre los que desea realizar la b\u00fasqueda. Si agrega m\u00e1s campos, la b\u00fasqueda ser\u00e1 m\u00e1s espec\u00edfica. Por el contrario, si usa menos campos, la b\u00fasqueda ser\u00e1 m\u00e1s general.<\/p><\/div>\n<form class=\"awpcp-search-ads-form\" method=\"get\" action=\"https:\/\/www.portalchileplasticos.cl\/index.php?rest_route=%2Fwp%2Fv2%2Fpages%2F115\"name=\"myform\">\n    <input type=\"hidden\" name=\"rest_route\" value=\"\/wp\/v2\/pages\/115\" \/>\n<input type=\"hidden\" name=\"a\" value=\"dosearch\" \/>\n    <p class='awpcp-form-spacer'>\n        <label for=\"query\">Buscar anuncios que contengan esta palabra o frase:<\/label>\n        <input type=\"text\" id=\"query\" class=\"awpcp-textfield inputbox\" size=\"50\" name=\"keywordphrase\" value=\"\" \/>\n            <\/p>\n\n    <p class=\"awpcp-form-spacer\">\n                <label class=\"awpcp-category-dropdown-label\" for=\"awpcp-category-dropdown\">Categor\u00eda del Aviso<\/label>\n\n\n\n<select class=\"awpcp-category-dropdown  awpcp-dropdown \" id=\"awpcp-category-dropdown\" name=\"searchcategory\">\n    <option value=\"\">Todas las categor\u00edas<\/option>\n    <option class=\"dropdownparentcategory\"  value=\"4\">Asesor\u00edas<\/option><option class=\"dropdownparentcategory\"  value=\"3\">Herramientas<\/option><option class=\"dropdownparentcategory\"  value=\"7\">M\u00e1quinas y Perif\u00e9ricos<\/option><option class=\"dropdownparentcategory\"  value=\"1\">Moldes y Accesorios<\/option><option class=\"dropdownparentcategory\"  value=\"6\">Prod. Pl\u00e1sticos<\/option><option class=\"dropdownparentcategory\"  value=\"2\">Resinas<\/option><option   value=\"9\">- subcategoria resina<\/option><option class=\"dropdownparentcategory\"  value=\"5\">Serv. M\u00e1quina<\/option><option class=\"dropdownparentcategory\"  value=\"8\">Servicio T\u00e9cnico<\/option><\/select>\n\n\n<script type=\"text\/javascript\">var categories_69fdde55f0729 = {\"root\":[{\"id\":\"4\",\"parent\":\"0\",\"name\":\"Asesor\\u00edas\",\"icon\":\"\",\"order\":\"0\"},{\"id\":\"3\",\"parent\":\"0\",\"name\":\"Herramientas\",\"icon\":\"\",\"order\":\"0\"},{\"id\":\"7\",\"parent\":\"0\",\"name\":\"M\\u00e1quinas y Perif\\u00e9ricos\",\"icon\":\"\",\"order\":\"0\"},{\"id\":\"1\",\"parent\":\"0\",\"name\":\"Moldes y Accesorios\",\"icon\":\"\",\"order\":\"0\"},{\"id\":\"6\",\"parent\":\"0\",\"name\":\"Prod. Pl\\u00e1sticos\",\"icon\":\"\",\"order\":\"0\"},{\"id\":\"2\",\"parent\":\"0\",\"name\":\"Resinas\",\"icon\":\"\",\"order\":\"0\"},{\"id\":\"5\",\"parent\":\"0\",\"name\":\"Serv. M\\u00e1quina\",\"icon\":\"\",\"order\":\"0\"},{\"id\":\"8\",\"parent\":\"0\",\"name\":\"Servicio T\\u00e9cnico\",\"icon\":\"\",\"order\":\"0\"}],\"2\":[{\"id\":\"9\",\"parent\":\"2\",\"name\":\"subcategoria resina\",\"icon\":\"\",\"order\":\"0\"}]};<\/script>\n    <\/p>\n\n        <p class='awpcp-form-spacer'>\n        <label for=\"name\">Para Avisos Publicados por<\/label>\n        <select id=\"name\" name=\"searchname\">\n            <option value=\"\">Todos los usuarios<\/option>\n            <option value=\"asepulveda\">asepulveda<\/option><option value=\"christian\">christian<\/option><option value=\"pamjer\">pamjer<\/option><option value=\"SP Plasticos\">SP Plasticos<\/option>        <\/select>\n    <\/p>\n    \n        <p class=\"awpcp-form-spacer\">\n        <label for=\"min-price\">Precio<\/label>\n        <span class=\"awpcp-range-search\">\n            <label for=\"min-price\">M\u00ednimo<\/label>\n            <input id=\"min-price\" class=\"awpcp-textfield inputbox money\" type=\"text\" name=\"searchpricemin\" value=\"\">\n            <label for=\"max-price\">M\u00e1ximo<\/label>\n            <input id=\"max-price\" class=\"awpcp-textfield inputbox money\" type=\"text\" name=\"searchpricemax\" value=\"\">\n        <\/label>\n                    <\/p>\n    \n    <div id=\"awpcp-multiple-region-selector-69fdde55f08bf\" class=\"awpcp-multiple-region-selector\" uuid=\"69fdde55f08bf\">\n\n    <ul data-bind=\"foreach: regions\">\n        <li class=\"awpcp-region-selector\">\n            <ul class=\"awpcp-region-selector-partials\" data-bind=\"foreach: partials\">\n                <li class=\"awpcp-region-selector-partial\" data-bind=\"visible: visible\">\n                    <label data-bind=\"attr: { 'for': id }, text: label\"><\/label>\n\n                    <select class=\"multiple-region\" data-bind=\"attr: { id: id }, options: options, optionsText: 'name', optionsValue: 'id', optionsCaption: caption, value: selectedOption, visible: showSelectField, disable: $root.options.disabled\">\n                    <\/select>\n\n                    <input class=\"multiple-region awpcp-textfield inputbox\" type=\"text\" data-bind=\"attr: { id: id }, value: selectedText, visible: showTextField, disable: $root.options.disabled\" \/>\n\n                    <span class=\"loading-message\" data-bind=\"visible: loading\">cargando...<\/span>\n\n                    <input type=\"hidden\" data-bind=\"attr: { name: param }, value: selected\" \/>\n                <\/li>\n            <\/ul>\n\n            <a class=\"button remove-region\" href=\"#\" data-bind=\"click: $root.onRemoveRegion(), visible: $root.showRemoveRegionButton, text: $root.getLocalizedText('remove-region')\"><\/a>\n            <span class=\"awpcp-error\" data-bind=\"text: error, visible: error\"><\/span>\n        <\/li>\n    <\/ul>\n\n    <a class=\"button add-region\" href=\"#\" data-bind=\"click: onAddRegion, visible: showAddRegionButton, text: $root.getLocalizedText('add-region')\"><\/a>\n    <\/div>\n\n    \n    <input type=\"submit\" class=\"button\" value=\"Iniciar B\u00fasqueda\" \/>\n<\/form>\n<\/div>\n\n","protected":false},"excerpt":{"rendered":"","protected":false},"author":1,"featured_media":0,"parent":0,"menu_order":0,"comment_status":"open","ping_status":"open","template":"","meta":{"footnotes":""},"_links":{"self":[{"href":"https:\/\/www.portalchileplasticos.cl\/index.php?rest_route=\/wp\/v2\/pages\/115"}],"collection":[{"href":"https:\/\/www.portalchileplasticos.cl\/index.php?rest_route=\/wp\/v2\/pages"}],"about":[{"href":"https:\/\/www.portalchileplasticos.cl\/index.php?rest_route=\/wp\/v2\/types\/page"}],"author":[{"embeddable":true,"href":"https:\/\/www.portalchileplasticos.cl\/index.php?rest_route=\/wp\/v2\/users\/1"}],"replies":[{"embeddable":true,"href":"https:\/\/www.portalchileplasticos.cl\/index.php?rest_route=%2Fwp%2Fv2%2Fcomments&post=115"}],"version-history":[{"count":3,"href":"https:\/\/www.portalchileplasticos.cl\/index.php?rest_route=\/wp\/v2\/pages\/115\/revisions"}],"predecessor-version":[{"id":252,"href":"https:\/\/www.portalchileplasticos.cl\/index.php?rest_route=\/wp\/v2\/pages\/115\/revisions\/252"}],"wp:attachment":[{"href":"https:\/\/www.portalchileplasticos.cl\/index.php?rest_route=%2Fwp%2Fv2%2Fmedia&parent=115"}],"curies":[{"name":"wp","href":"https:\/\/api.w.org\/{rel}","templated":true}]}}