{"id":10,"date":"2015-04-15T00:00:00","date_gmt":"2015-04-15T00:00:00","guid":{"rendered":"http:\/\/www.portalchileplasticos.cl\/?page_id=10"},"modified":"2015-11-20T14:20:39","modified_gmt":"2015-11-20T14:20:39","slug":"examinar-publicaciones","status":"publish","type":"page","link":"https:\/\/www.portalchileplasticos.cl\/?page_id=10","title":{"rendered":"Examinar Publicaciones"},"content":{"rendered":"<div id=\"classiwrapper\">\n    \n        <div class=\"uiwelcome\"><\/div>\n    \n        <div class=\"awpcp-navigation awpcp-menu-items-container clearfix\">\n    <span class=\"awpcp-menu-toggle\">Menu Clasificados<\/span>\n    <div class=\"awpcp-nav-menu\">\n        <ul class=\"awpcp-menu-items clearfix\">\n                    <li class=\"post-listing\"><a href=\"https:\/\/www.portalchileplasticos.cl\/?page_id=8\">Poner Publicaci\u00f3n<\/a><\/li>\n                    <li class=\"browse-listings\"><a href=\"https:\/\/www.portalchileplasticos.cl\/?page_id=10\">Examinar Publicaciones<\/a><\/li>\n                    <li class=\"search-listings\"><a href=\"https:\/\/www.portalchileplasticos.cl\/?page_id=12\">Buscar Publicaciones<\/a><\/li>\n                <\/ul>\n    <\/div>\n<\/div>\n    \n    <div class=\"changecategoryselect\">\n    <form method=\"post\" action=\"https:\/\/www.portalchileplasticos.cl\/?page_id=11\">\n        <div class=\"awpcp-category-dropdown-container\">\n                <label class=\"awpcp-category-dropdown-label\" for=\"awpcp-category-dropdown\">Categor\u00eda del Aviso<\/label>\n\n\n\n<select class=\"awpcp-category-dropdown  awpcp-dropdown \" id=\"awpcp-category-dropdown\" name=\"category_id\">\n    <option value=\"\">Todas las categor\u00edas<\/option>\n    <option class=\"dropdownparentcategory\"  value=\"4\">Asesor\u00edas<\/option><option class=\"dropdownparentcategory\"  value=\"3\">Herramientas<\/option><option class=\"dropdownparentcategory\"  value=\"7\">M\u00e1quinas y Perif\u00e9ricos<\/option><option class=\"dropdownparentcategory\"  value=\"1\">Moldes y Accesorios<\/option><option class=\"dropdownparentcategory\"  value=\"6\">Prod. Pl\u00e1sticos<\/option><option class=\"dropdownparentcategory\"  value=\"2\">Resinas<\/option><option   value=\"9\">- subcategoria resina<\/option><option class=\"dropdownparentcategory\"  value=\"5\">Serv. M\u00e1quina<\/option><option class=\"dropdownparentcategory\"  value=\"8\">Servicio T\u00e9cnico<\/option><\/select>\n\n\n<script type=\"text\/javascript\">var categories_69fdec8b45e96 = {\"root\":[{\"id\":\"4\",\"parent\":\"0\",\"name\":\"Asesor\\u00edas\",\"icon\":\"\",\"order\":\"0\"},{\"id\":\"3\",\"parent\":\"0\",\"name\":\"Herramientas\",\"icon\":\"\",\"order\":\"0\"},{\"id\":\"7\",\"parent\":\"0\",\"name\":\"M\\u00e1quinas y Perif\\u00e9ricos\",\"icon\":\"\",\"order\":\"0\"},{\"id\":\"1\",\"parent\":\"0\",\"name\":\"Moldes y Accesorios\",\"icon\":\"\",\"order\":\"0\"},{\"id\":\"6\",\"parent\":\"0\",\"name\":\"Prod. Pl\\u00e1sticos\",\"icon\":\"\",\"order\":\"0\"},{\"id\":\"2\",\"parent\":\"0\",\"name\":\"Resinas\",\"icon\":\"\",\"order\":\"0\"},{\"id\":\"5\",\"parent\":\"0\",\"name\":\"Serv. M\\u00e1quina\",\"icon\":\"\",\"order\":\"0\"},{\"id\":\"8\",\"parent\":\"0\",\"name\":\"Servicio T\\u00e9cnico\",\"icon\":\"\",\"order\":\"0\"}],\"2\":[{\"id\":\"9\",\"parent\":\"2\",\"name\":\"subcategoria resina\",\"icon\":\"\",\"order\":\"0\"}]};<\/script>\n        <\/div>\n\n                <input type=\"hidden\" name=\"a\" value=\"browsecat\" \/>\n                <input type=\"hidden\" name=\"offset\" value=\"0\" \/>\n        \n        <input class=\"button\" type=\"submit\" value=\"Cambiar Categor\u00eda\" \/>\n    <\/form>\n\n    <\/div>\n    <div class=\"pager\">\n    <form class=\"awpcp-pagination-form\" method=\"get\">\n        <input type=\"hidden\" name=\"rest_route\" value=\"\/wp\/v2\/pages\/10\" \/>        <table>\n            <tbody>\n                <tr>\n                    <td>1<\/td>\n                                        <td>\n                        <select name=\"results\">\n                                                                                <option value=\"5\">5<\/option>\n                                                                                                            <option value=\"10\" selected=\"selected\">10<\/option>\n                                                                                                            <option value=\"20\">20<\/option>\n                                                                                                            <option value=\"30\">30<\/option>\n                                                                                                            <option value=\"40\">40<\/option>\n                                                                                                            <option value=\"50\">50<\/option>\n                                                                                                            <option value=\"60\">60<\/option>\n                                                                                                            <option value=\"70\">70<\/option>\n                                                                                                            <option value=\"80\">80<\/option>\n                                                                                                            <option value=\"90\">90<\/option>\n                                                                                                            <option value=\"100\">100<\/option>\n                                                                                                            <option value=\"500\">500<\/option>\n                                                                            <\/select>\n                    <\/td>\n                                    <\/tr>\n            <\/tbody>\n        <\/table>\n    <\/form>\n<\/div>\n    \n    <div class=\"awpcp-listings awpcp-clearboth\">\n                    <div id=\"showawpcpadpage\"  style=\"text-align:justify;\">\r\n    <div class=\"awpcp-title\">Arreglo Maquina<\/div><br\/>\r\n    <div class=\"showawpcpadpage\">\r\n        <div class=\"awpcp-ad-primary-image\"><a class=\"awpcp-listing-primary-image-thickbox-link thickbox thumbnail\" href=\"http:\/\/www.portalchileplasticos.cl\/wp-content\/uploads\/awpcp\/images\/whatsapp-image-2019-10-14-at-9.56.24-pm-637e696d-large.jpeg\" rel=\"awpcp-gallery-43\"><img loading=\"lazy\" decoding=\"async\" class=\"thumbshow\" src=\"http:\/\/www.portalchileplasticos.cl\/wp-content\/uploads\/awpcp\/thumbs\/whatsapp-image-2019-10-14-at-9.56.24-pm-637e696d-primary.jpeg\" width=\"200\" height=\"200\"\/><\/a><a class=\"thickbox enlarge\" href=\"http:\/\/www.portalchileplasticos.cl\/wp-content\/uploads\/awpcp\/images\/whatsapp-image-2019-10-14-at-9.56.24-pm-637e696d-large.jpeg\">Click para ampliar la imagen.<\/a><\/div>\r\n        <div class=\"awpcp-subtitle\">Informaci\u00f3n de contacto<\/div>\r\n        <a href=\"https:\/\/www.portalchileplasticos.cl\/?page_id=6&i=43\">Contacto pamjer<\/a>\r\n        <br\/><label>Tel\u00e9fono<\/label>: +56988410803\r\n        <br\/><label>Ubicaci\u00f3n<\/label>: quilpjue, valparaiso\r\n        \r\n    <\/div>\r\n    <div class=\"showawpcpadpage\"><label>Precio<\/label>: <strong>CLP\u00a0100.000<\/strong><\/div>\r\n    \r\n\u00a0<br>\r\n    maquina .......\r\n    <div class=\"fixfloat\"><\/div>\r\n    <div class=\"showawpcpadpage\">\r\n        \r\n    <\/div>\r\n\r\n    <div class=\"fixfloat\"><\/div>\r\n    <div id=\"displayimagethumbswrapper\">\r\n        <div id=\"displayimagethumbs\">\r\n            <ul>\r\n                \r\n            <\/ul>\r\n\r\n        <\/div>\r\n    <\/div>\r\n\r\n<span class=\"fixfloat\"><\/span>\r\n<div class=\"adviewed\">Este anuncio ha sido visto 567 veces.<\/div>\r\n<\/div><div id=\"showawpcpadpage\"  style=\"text-align:justify;\">\r\n    <div class=\"awpcp-title\">Sif\u00f3n de agua Soda<\/div><br\/>\r\n    <div class=\"showawpcpadpage\">\r\n        <div class=\"awpcp-ad-primary-image\"><a class=\"awpcp-listing-primary-image-thickbox-link thickbox thumbnail\" href=\"http:\/\/www.portalchileplasticos.cl\/wp-content\/uploads\/awpcp\/images\/156942906762-1-fdebf0ec-large.png\" rel=\"awpcp-gallery-41\"><img loading=\"lazy\" decoding=\"async\" class=\"thumbshow\" src=\"http:\/\/www.portalchileplasticos.cl\/wp-content\/uploads\/awpcp\/thumbs\/156942906762-1-fdebf0ec-primary.png\" width=\"200\" height=\"200\"\/><\/a><a class=\"thickbox enlarge\" href=\"http:\/\/www.portalchileplasticos.cl\/wp-content\/uploads\/awpcp\/images\/156942906762-1-fdebf0ec-large.png\">Click para ampliar la imagen.<\/a><\/div>\r\n        <div class=\"awpcp-subtitle\">Informaci\u00f3n de contacto<\/div>\r\n        <a href=\"https:\/\/www.portalchileplasticos.cl\/?page_id=6&i=41\">Contacto asepulveda<\/a>\r\n        <br\/><label>Tel\u00e9fono<\/label>: 947333237\r\n        <br\/><label>Ubicaci\u00f3n<\/label>: Valpara\u00edso, Vi\u00f1a del Mar\r\n        \r\n    <\/div>\r\n    <div class=\"showawpcpadpage\"><label>Precio<\/label>: <strong>CLP\u00a02.600<\/strong><\/div>\r\n    \r\n\u00a0<br>\r\n    Envases de agua soda de 1.5 Litros retornable.<br \/>\r\nColor disponible rojo y azul<br \/>\r\nVenta desde 100 unidades.<br \/>\r\n<br \/>\r\nH\u00e1blanos a nuestro correo electr\u00f3nico asepulveda@plasticos-chile.cl y pide tu cotizaci\u00f3n.-<br \/>\r\n<br \/>\r\nUbicados en Vi\u00f1a del Mar\r\n    <div class=\"fixfloat\"><\/div>\r\n    <div class=\"showawpcpadpage\">\r\n        \r\n    <\/div>\r\n\r\n    <div class=\"fixfloat\"><\/div>\r\n    <div id=\"displayimagethumbswrapper\">\r\n        <div id=\"displayimagethumbs\">\r\n            <ul>\r\n                \r\n            <\/ul>\r\n\r\n        <\/div>\r\n    <\/div>\r\n\r\n<span class=\"fixfloat\"><\/span>\r\n<div class=\"adviewed\">Este anuncio ha sido visto 2681 veces.<\/div>\r\n<\/div><div id=\"showawpcpadpage\"  style=\"text-align:justify;\">\r\n    <div class=\"awpcp-title\">Envases PET 20 Litros<\/div><br\/>\r\n    <div class=\"showawpcpadpage\">\r\n        <div class=\"awpcp-ad-primary-image\"><a class=\"awpcp-listing-primary-image-thickbox-link thickbox thumbnail\" href=\"http:\/\/www.portalchileplasticos.cl\/wp-content\/uploads\/awpcp\/images\/pet-20-lts-c943d54b-large.jpg\" rel=\"awpcp-gallery-40\"><img loading=\"lazy\" decoding=\"async\" class=\"thumbshow\" src=\"http:\/\/www.portalchileplasticos.cl\/wp-content\/uploads\/awpcp\/thumbs\/pet-20-lts-c943d54b-primary.jpg\" width=\"200\" height=\"200\"\/><\/a><a class=\"thickbox enlarge\" href=\"http:\/\/www.portalchileplasticos.cl\/wp-content\/uploads\/awpcp\/images\/pet-20-lts-c943d54b-large.jpg\">Click para ampliar la imagen.<\/a><\/div>\r\n        <div class=\"awpcp-subtitle\">Informaci\u00f3n de contacto<\/div>\r\n        <a href=\"https:\/\/www.portalchileplasticos.cl\/?page_id=6&i=40\">Contacto asepulveda<\/a>\r\n        <br\/><label>Tel\u00e9fono<\/label>: 947333237\r\n        <br\/><label>Ubicaci\u00f3n<\/label>: Vi\u00f1a del Mar, Vi\u00f1a del mar\r\n        \r\n    <\/div>\r\n    <div class=\"showawpcpadpage\"><label>Precio<\/label>: <strong>CLP\u00a02.000<\/strong><\/div>\r\n    \r\n\u00a0<br>\r\n    Pl\u00e1sticos Chile, empresa que distribuye bidones pet de 20 litros, dispensador b\u00e1sico, equipos fr\u00edo calor, tapas para bid\u00f3n y un sin fin de productos para la industria del agua envasada.\r\n    <div class=\"fixfloat\"><\/div>\r\n    <div class=\"showawpcpadpage\">\r\n        \r\n    <\/div>\r\n\r\n    <div class=\"fixfloat\"><\/div>\r\n    <div id=\"displayimagethumbswrapper\">\r\n        <div id=\"displayimagethumbs\">\r\n            <ul>\r\n                <li class=\"\"><a class=\"thickbox\" href=\"http:\/\/www.portalchileplasticos.cl\/wp-content\/uploads\/awpcp\/images\/156777633891-1-df70f219-large.png\" rel=\"awpcp-gallery-40\"><img loading=\"lazy\" decoding=\"async\" class=\"thumbshow\" src=\"http:\/\/www.portalchileplasticos.cl\/wp-content\/uploads\/awpcp\/thumbs\/156777633891-1-df70f219.png\" width=\"125\" height=\"125\"\/><\/a><\/li><li class=\"\"><a class=\"thickbox\" href=\"http:\/\/www.portalchileplasticos.cl\/wp-content\/uploads\/awpcp\/images\/dispenser-0be33b92-large.jpg\" rel=\"awpcp-gallery-40\"><img loading=\"lazy\" decoding=\"async\" class=\"thumbshow\" src=\"http:\/\/www.portalchileplasticos.cl\/wp-content\/uploads\/awpcp\/thumbs\/dispenser-0be33b92.jpg\" width=\"125\" height=\"125\"\/><\/a><\/li><li class=\"\"><a class=\"thickbox\" href=\"http:\/\/www.portalchileplasticos.cl\/wp-content\/uploads\/awpcp\/images\/tapa-celeste-09ae6a65-large.png\" rel=\"awpcp-gallery-40\"><img loading=\"lazy\" decoding=\"async\" class=\"thumbshow\" src=\"http:\/\/www.portalchileplasticos.cl\/wp-content\/uploads\/awpcp\/thumbs\/tapa-celeste-09ae6a65.png\" width=\"125\" height=\"125\"\/><\/a><\/li>\r\n            <\/ul>\r\n\r\n        <\/div>\r\n    <\/div>\r\n\r\n<span class=\"fixfloat\"><\/span>\r\n<div class=\"adviewed\">Este anuncio ha sido visto 996 veces.<\/div>\r\n<\/div><div id=\"showawpcpadpage\"  style=\"text-align:justify;\">\r\n    <div class=\"awpcp-title\">Dispenser Doble Caudal para Agua Natural<\/div><br\/>\r\n    <div class=\"showawpcpadpage\">\r\n        <div class=\"awpcp-ad-primary-image\"><a class=\"awpcp-listing-primary-image-thickbox-link thickbox thumbnail\" href=\"http:\/\/www.portalchileplasticos.cl\/wp-content\/uploads\/awpcp\/images\/premiato-doble-caudal-a1ee07ce-large.png\" rel=\"awpcp-gallery-39\"><img loading=\"lazy\" decoding=\"async\" class=\"thumbshow\" src=\"http:\/\/www.portalchileplasticos.cl\/wp-content\/uploads\/awpcp\/thumbs\/premiato-doble-caudal-a1ee07ce-primary.png\" width=\"200\" height=\"200\"\/><\/a><a class=\"thickbox enlarge\" href=\"http:\/\/www.portalchileplasticos.cl\/wp-content\/uploads\/awpcp\/images\/premiato-doble-caudal-a1ee07ce-large.png\">Click para ampliar la imagen.<\/a><\/div>\r\n        <div class=\"awpcp-subtitle\">Informaci\u00f3n de contacto<\/div>\r\n        <a href=\"https:\/\/www.portalchileplasticos.cl\/?page_id=6&i=39\">Contacto SP Plasticos<\/a>\r\n        <br\/><label>Tel\u00e9fono<\/label>: +56966234822\r\n        <br\/><label>Ubicaci\u00f3n<\/label>: Santiago, San bernardo\r\n        \r\n    <\/div>\r\n    <div class=\"showawpcpadpage\"><label>Precio<\/label>: <strong>CLP\u00a03.700<\/strong><\/div>\r\n    \r\n\u00a0<br>\r\n    Vendemos dispenser de agua natural doble caudal - Premiato!<br \/>\r\n<br \/>\r\nDispenser doble caudal: 3700+iva<br \/>\r\n<br \/>\r\nVendemos con boleta y factura.<br \/>\r\n<br \/>\r\nHaga sus consulta al whatsap: +569 66234822\r\n    <div class=\"fixfloat\"><\/div>\r\n    <div class=\"showawpcpadpage\">\r\n        \r\n    <\/div>\r\n\r\n    <div class=\"fixfloat\"><\/div>\r\n    <div id=\"displayimagethumbswrapper\">\r\n        <div id=\"displayimagethumbs\">\r\n            <ul>\r\n                \r\n            <\/ul>\r\n\r\n        <\/div>\r\n    <\/div>\r\n\r\n<span class=\"fixfloat\"><\/span>\r\n<div class=\"adviewed\">Este anuncio ha sido visto 713 veces.<\/div>\r\n<\/div><div id=\"showawpcpadpage\"  style=\"text-align:justify;\">\r\n    <div class=\"awpcp-title\">Botella desechable 500cc y 1500cc<\/div><br\/>\r\n    <div class=\"showawpcpadpage\">\r\n        <div class=\"awpcp-ad-primary-image\"><a class=\"awpcp-listing-primary-image-thickbox-link thickbox thumbnail\" href=\"http:\/\/www.portalchileplasticos.cl\/wp-content\/uploads\/awpcp\/images\/dscf4254-8f6d64ec-large.jpg\" rel=\"awpcp-gallery-38\"><img loading=\"lazy\" decoding=\"async\" class=\"thumbshow\" src=\"http:\/\/www.portalchileplasticos.cl\/wp-content\/uploads\/awpcp\/thumbs\/dscf4254-8f6d64ec-primary.jpg\" width=\"200\" height=\"200\"\/><\/a><a class=\"thickbox enlarge\" href=\"http:\/\/www.portalchileplasticos.cl\/wp-content\/uploads\/awpcp\/images\/dscf4254-8f6d64ec-large.jpg\">Click para ampliar la imagen.<\/a><\/div>\r\n        <div class=\"awpcp-subtitle\">Informaci\u00f3n de contacto<\/div>\r\n        <a href=\"https:\/\/www.portalchileplasticos.cl\/?page_id=6&i=38\">Contacto SP Plasticos<\/a>\r\n        <br\/><label>Tel\u00e9fono<\/label>: Gislene\r\n        <br\/><label>Ubicaci\u00f3n<\/label>: Santiago, San Bernardo\r\n        \r\n    <\/div>\r\n    <div class=\"showawpcpadpage\"><label>Precio<\/label>: <strong>CLP\u00a072<\/strong><\/div>\r\n    \r\n\u00a0<br>\r\n    Somos fabricantes de botellas desechables 500 cc y 1500cc<br \/>\r\nValor: <br \/>\r\n500cc: 72 pesos + iva<br \/>\r\n1500cc: 100 pesos +iva<br \/>\r\n<br \/>\r\nVendemos con boleta y factura<br \/>\r\nProducto sin tapa.<br \/>\r\n<br \/>\r\nHaga su consulta por whatsap: 56 9 66234822<br \/>\r\n<br \/>\r\nTrabajamos con todas las transportadoras de Chile\r\n    <div class=\"fixfloat\"><\/div>\r\n    <div class=\"showawpcpadpage\">\r\n        \r\n    <\/div>\r\n\r\n    <div class=\"fixfloat\"><\/div>\r\n    <div id=\"displayimagethumbswrapper\">\r\n        <div id=\"displayimagethumbs\">\r\n            <ul>\r\n                \r\n            <\/ul>\r\n\r\n        <\/div>\r\n    <\/div>\r\n\r\n<span class=\"fixfloat\"><\/span>\r\n<div class=\"adviewed\">Este anuncio ha sido visto 2242 veces.<\/div>\r\n<\/div><div id=\"showawpcpadpage\"  style=\"text-align:justify;\">\r\n    <div class=\"awpcp-title\">Bidones desechables de 5 o 6 litros para agua detergente o aceite<\/div><br\/>\r\n    <div class=\"showawpcpadpage\">\r\n        <div class=\"awpcp-ad-primary-image\"><a class=\"awpcp-listing-primary-image-thickbox-link thickbox thumbnail\" href=\"http:\/\/www.portalchileplasticos.cl\/wp-content\/uploads\/awpcp\/images\/desechables-d89e882b-large.jpg\" rel=\"awpcp-gallery-37\"><img loading=\"lazy\" decoding=\"async\" class=\"thumbshow\" src=\"http:\/\/www.portalchileplasticos.cl\/wp-content\/uploads\/awpcp\/thumbs\/desechables-d89e882b-primary.jpg\" width=\"200\" height=\"200\"\/><\/a><a class=\"thickbox enlarge\" href=\"http:\/\/www.portalchileplasticos.cl\/wp-content\/uploads\/awpcp\/images\/desechables-d89e882b-large.jpg\">Click para ampliar la imagen.<\/a><\/div>\r\n        <div class=\"awpcp-subtitle\">Informaci\u00f3n de contacto<\/div>\r\n        <a href=\"https:\/\/www.portalchileplasticos.cl\/?page_id=6&i=37\">Contacto SP Plasticos<\/a>\r\n        <br\/><label>Tel\u00e9fono<\/label>: +56966234822\r\n        <br\/><label>Ubicaci\u00f3n<\/label>: Santiago, San Bernardo\r\n        \r\n    <\/div>\r\n    <div class=\"showawpcpadpage\"><label>Precio<\/label>: <strong>CLP\u00a0230<\/strong><\/div>\r\n    \r\n\u00a0<br>\r\n    Bidon desechable para agua, aceite o detergente.<br \/>\r\n<br \/>\r\nValor: 230+iva con tapa y manilla incluida.<br \/>\r\n<br \/>\r\nTenemos colores: transparente, azul y verde.<br \/>\r\n<br \/>\r\nVendemos en mangas de 14 unidades o en pallet de 240 unidades.<br \/>\r\n<br \/>\r\nVendemos con boleta y factura.\r\n    <div class=\"fixfloat\"><\/div>\r\n    <div class=\"showawpcpadpage\">\r\n        \r\n    <\/div>\r\n\r\n    <div class=\"fixfloat\"><\/div>\r\n    <div id=\"displayimagethumbswrapper\">\r\n        <div id=\"displayimagethumbs\">\r\n            <ul>\r\n                \r\n            <\/ul>\r\n\r\n        <\/div>\r\n    <\/div>\r\n\r\n<span class=\"fixfloat\"><\/span>\r\n<div class=\"adviewed\">Este anuncio ha sido visto 16821 veces.<\/div>\r\n<\/div><div id=\"showawpcpadpage\"  style=\"text-align:justify;\">\r\n    <div class=\"awpcp-title\">Empresa fabricante de bidones de Policarbonato y Pet 20 litros y todo para agua purififcada<\/div><br\/>\r\n    <div class=\"showawpcpadpage\">\r\n        <div class=\"awpcp-ad-primary-image\"><a class=\"awpcp-listing-primary-image-thickbox-link thickbox thumbnail\" href=\"http:\/\/www.portalchileplasticos.cl\/wp-content\/uploads\/awpcp\/images\/bidon-azul-0adb8758-large.png\" rel=\"awpcp-gallery-36\"><img loading=\"lazy\" decoding=\"async\" class=\"thumbshow\" src=\"http:\/\/www.portalchileplasticos.cl\/wp-content\/uploads\/awpcp\/thumbs\/bidon-azul-0adb8758-primary.png\" width=\"200\" height=\"200\"\/><\/a><a class=\"thickbox enlarge\" href=\"http:\/\/www.portalchileplasticos.cl\/wp-content\/uploads\/awpcp\/images\/bidon-azul-0adb8758-large.png\">Click para ampliar la imagen.<\/a><\/div>\r\n        <div class=\"awpcp-subtitle\">Informaci\u00f3n de contacto<\/div>\r\n        <a href=\"https:\/\/www.portalchileplasticos.cl\/?page_id=6&i=36\">Contacto SP Plasticos<\/a>\r\n        <br\/><label>Tel\u00e9fono<\/label>: 966234822\r\n        <br\/><label>Ubicaci\u00f3n<\/label>: Santiago, Santiago de Chile\r\n        \r\n    <\/div>\r\n    <div class=\"showawpcpadpage\"><label>Precio<\/label>: <strong>CLP\u00a02.400<\/strong><\/div>\r\n    \r\n\u00a0<br>\r\n    Bidon PET 20 litros<br \/>\r\nSomos fabricantes!<br \/>\r\nHaga su consulta!<br \/>\r\nVendemos bidones de Policarbonato y PET 20 litros para agua purificada.<br \/>\r\nValor PET: 2400+iva<br \/>\r\n<br \/>\r\nVendemos con boleta y factura.<br \/>\r\n<br \/>\r\n<br \/>\r\nValores expresados son mas IVA\r\n    <div class=\"fixfloat\"><\/div>\r\n    <div class=\"showawpcpadpage\">\r\n        \r\n    <\/div>\r\n\r\n    <div class=\"fixfloat\"><\/div>\r\n    <div id=\"displayimagethumbswrapper\">\r\n        <div id=\"displayimagethumbs\">\r\n            <ul>\r\n                \r\n            <\/ul>\r\n\r\n        <\/div>\r\n    <\/div>\r\n\r\n<span class=\"fixfloat\"><\/span>\r\n<div class=\"adviewed\">Este anuncio ha sido visto 20446 veces.<\/div>\r\n<\/div><div id=\"showawpcpadpage\"  style=\"text-align:justify;\">\r\n    <div class=\"awpcp-title\">Vendo esferas plasticas<\/div><br\/>\r\n    <div class=\"showawpcpadpage\">\r\n        <div class=\"awpcp-ad-primary-image\"><a class=\"awpcp-listing-primary-image-thickbox-link thickbox thumbnail\" href=\"http:\/\/www.portalchileplasticos.cl\/wp-content\/uploads\/awpcp\/images\/esferas-2-8a2a9a7c-large.jpg\" rel=\"awpcp-gallery-31\"><img loading=\"lazy\" decoding=\"async\" class=\"thumbshow\" src=\"http:\/\/www.portalchileplasticos.cl\/wp-content\/uploads\/awpcp\/thumbs\/esferas-2-8a2a9a7c-primary.jpg\" width=\"192\" height=\"106\"\/><\/a><a class=\"thickbox enlarge\" href=\"http:\/\/www.portalchileplasticos.cl\/wp-content\/uploads\/awpcp\/images\/esferas-2-8a2a9a7c-large.jpg\">Click para ampliar la imagen.<\/a><\/div>\r\n        <div class=\"awpcp-subtitle\">Informaci\u00f3n de contacto<\/div>\r\n        <a href=\"https:\/\/www.portalchileplasticos.cl\/?page_id=6&i=31\">Contacto christian<\/a>\r\n        <br\/><label>Tel\u00e9fono<\/label>: +56982309687\r\n        <br\/><label>Ubicaci\u00f3n<\/label>: Vi\u00f1a del Mar, Vi\u00f1a del Mar\r\n        \r\n    <\/div>\r\n    <div class=\"showawpcpadpage\"><label>Precio<\/label>: <strong>CLP\u00a050.000<\/strong><\/div>\r\n    \r\n\u00a0<br>\r\n    Bolsa de esferas di\u00e1metro 20 mm, cada bolsa contiene 10.000 unidades\r\n    <div class=\"fixfloat\"><\/div>\r\n    <div class=\"showawpcpadpage\">\r\n        \r\n    <\/div>\r\n\r\n    <div class=\"fixfloat\"><\/div>\r\n    <div id=\"displayimagethumbswrapper\">\r\n        <div id=\"displayimagethumbs\">\r\n            <ul>\r\n                \r\n            <\/ul>\r\n\r\n        <\/div>\r\n    <\/div>\r\n\r\n<span class=\"fixfloat\"><\/span>\r\n<div class=\"adviewed\">Este anuncio ha sido visto 721 veces.<\/div>\r\n<\/div>            <\/div>\n\n    <div class=\"pager\">\n    <form class=\"awpcp-pagination-form\" method=\"get\">\n        <input type=\"hidden\" name=\"rest_route\" value=\"\/wp\/v2\/pages\/10\" \/>        <table>\n            <tbody>\n                <tr>\n                    <td>1<\/td>\n                                        <td>\n                        <select name=\"results\">\n                                                                                <option value=\"5\">5<\/option>\n                                                                                                            <option value=\"10\" selected=\"selected\">10<\/option>\n                                                                                                            <option value=\"20\">20<\/option>\n                                                                                                            <option value=\"30\">30<\/option>\n                                                                                                            <option value=\"40\">40<\/option>\n                                                                                                            <option value=\"50\">50<\/option>\n                                                                                                            <option value=\"60\">60<\/option>\n                                                                                                            <option value=\"70\">70<\/option>\n                                                                                                            <option value=\"80\">80<\/option>\n                                                                                                            <option value=\"90\">90<\/option>\n                                                                                                            <option value=\"100\">100<\/option>\n                                                                                                            <option value=\"500\">500<\/option>\n                                                                            <\/select>\n                    <\/td>\n                                    <\/tr>\n            <\/tbody>\n        <\/table>\n    <\/form>\n<\/div>\n        <\/div>\n\n","protected":false},"excerpt":{"rendered":"","protected":false},"author":1,"featured_media":0,"parent":4,"menu_order":0,"comment_status":"closed","ping_status":"closed","template":"","meta":{"footnotes":""},"_links":{"self":[{"href":"https:\/\/www.portalchileplasticos.cl\/index.php?rest_route=\/wp\/v2\/pages\/10"}],"collection":[{"href":"https:\/\/www.portalchileplasticos.cl\/index.php?rest_route=\/wp\/v2\/pages"}],"about":[{"href":"https:\/\/www.portalchileplasticos.cl\/index.php?rest_route=\/wp\/v2\/types\/page"}],"author":[{"embeddable":true,"href":"https:\/\/www.portalchileplasticos.cl\/index.php?rest_route=\/wp\/v2\/users\/1"}],"replies":[{"embeddable":true,"href":"https:\/\/www.portalchileplasticos.cl\/index.php?rest_route=%2Fwp%2Fv2%2Fcomments&post=10"}],"version-history":[{"count":5,"href":"https:\/\/www.portalchileplasticos.cl\/index.php?rest_route=\/wp\/v2\/pages\/10\/revisions"}],"predecessor-version":[{"id":200,"href":"https:\/\/www.portalchileplasticos.cl\/index.php?rest_route=\/wp\/v2\/pages\/10\/revisions\/200"}],"up":[{"embeddable":true,"href":"https:\/\/www.portalchileplasticos.cl\/index.php?rest_route=\/wp\/v2\/pages\/4"}],"wp:attachment":[{"href":"https:\/\/www.portalchileplasticos.cl\/index.php?rest_route=%2Fwp%2Fv2%2Fmedia&parent=10"}],"curies":[{"name":"wp","href":"https:\/\/api.w.org\/{rel}","templated":true}]}}